{"id":1108,"date":"2021-06-09T10:09:52","date_gmt":"2021-06-09T14:09:52","guid":{"rendered":"https:\/\/caribedronespr.com\/?page_id=1108"},"modified":"2023-06-05T09:05:26","modified_gmt":"2023-06-05T13:05:26","slug":"termsandconditions","status":"publish","type":"page","link":"https:\/\/caribedronespr.com\/en\/termsandconditions\/","title":{"rendered":"Terms and Conditions"},"content":{"rendered":"\t\t<div data-elementor-type=\"wp-page\" data-elementor-id=\"1108\" class=\"elementor elementor-1108\" data-elementor-post-type=\"page\">\n\t\t\t\t\t\t<section class=\"elementor-section elementor-top-section elementor-element elementor-element-a4d478f elementor-section-boxed elementor-section-height-default elementor-section-height-default\" data-id=\"a4d478f\" data-element_type=\"section\">\n\t\t\t\t\t\t<div class=\"elementor-container elementor-column-gap-default\">\n\t\t\t\t\t<div class=\"elementor-column elementor-col-100 elementor-top-column elementor-element elementor-element-b0b487b\" data-id=\"b0b487b\" data-element_type=\"column\">\n\t\t\t<div class=\"elementor-widget-wrap elementor-element-populated\">\n\t\t\t\t\t\t<div class=\"elementor-element elementor-element-d4c83d8 elementor-widget elementor-widget-heading\" data-id=\"d4c83d8\" data-element_type=\"widget\" data-widget_type=\"heading.default\">\n\t\t\t\t<div class=\"elementor-widget-container\">\n\t\t\t\t\t<h1 class=\"elementor-heading-title elementor-size-xl\">Terms and Conditions<\/h1>\t\t\t\t<\/div>\n\t\t\t\t<\/div>\n\t\t\t\t\t<\/div>\n\t\t<\/div>\n\t\t\t\t\t<\/div>\n\t\t<\/section>\n\t\t\t\t<section class=\"elementor-section elementor-top-section elementor-element elementor-element-6de361b elementor-section-boxed elementor-section-height-default elementor-section-height-default\" data-id=\"6de361b\" data-element_type=\"section\">\n\t\t\t\t\t\t<div class=\"elementor-container elementor-column-gap-default\">\n\t\t\t\t\t<div class=\"elementor-column elementor-col-100 elementor-top-column elementor-element elementor-element-9d94047\" data-id=\"9d94047\" data-element_type=\"column\">\n\t\t\t<div class=\"elementor-widget-wrap elementor-element-populated\">\n\t\t\t\t\t\t<div class=\"elementor-element elementor-element-6544cd2 elementor-widget elementor-widget-text-editor\" data-id=\"6544cd2\" data-element_type=\"widget\" data-widget_type=\"text-editor.default\">\n\t\t\t\t<div class=\"elementor-widget-container\">\n\t\t\t\t\t\t\t\t\t<p style=\"margin-bottom: .0001pt;\">Premium Drone Sprayer Service:<\/p><p style=\"margin-bottom: .0001pt;\">\u00a0<\/p><ol><li><p>The client certifies that they are the owner of the property or are authorized by the owner to carry out the spraying work.<\/p><\/li><li><p>The client understands and acknowledges that Caribe Drones Systems LLC (CDS) will be spraying their property with agricultural products authorized under the laws of the Department of Agriculture of Puerto Rico and the EPA.<\/p><\/li><li><p>CDS will use the dosage specified on the labels of the agricultural products.<\/p><\/li><li><p>CDS and its staff will make every effort to prevent or at least minimize damages, but cannot guarantee that no damages will occur.<\/p><\/li><li><p>The client has been informed and understands that due to the effect of drift and wind during the aerial spraying process, damages may occur to properties, structures, animals, plant crops, and\/or people within or near the spraying area.<\/p><\/li><li><p>The client agrees to keep people and animals out of the spraying area during and after the spraying process as specified on the label of each agrochemical.<\/p><\/li><li><p>Coveralls, safety boots, goggles, and gloves are the minimum required attire for individuals within or near the premises to be sprayed. Anyone present in the spraying area must at all times wear the minimum required attire during the spraying.<\/p><\/li><li><p>The client agrees to have a representative from their company present at all times to assist our staff.<\/p><\/li><li><p>The client agrees to provide the labels of the products to be used in advance, in order to maintain the required application records as mandated by the Department of Agriculture of Puerto Rico.<\/p><\/li><li><p>The client understands that CDS is not liable for any damages caused by the spraying process.<\/p><\/li><\/ol><p style=\"margin-bottom: 0.0001pt;\"><span style=\"font-size: 16px;\">\u00a0<\/span><\/p><p style=\"margin-bottom: 0.0001pt;\"><span style=\"font-size: 16px;\">Espa\u00f1ol<\/span><\/p><p>Servicio Premium de Aspersi\u00f3n con Drones:<\/p><p style=\"margin-bottom: 0.0001pt;\"><span style=\"font-size: 16px;\">\u00a0<\/span><\/p><p style=\"margin-bottom: .0001pt;\">1. El cliente certifica que es el due\u00f1o de la finca o est\u00e1 autorizado por el mismo a realizarlos trabajos de aspersi\u00f3n.\u00a0<\/p><p style=\"margin-bottom: .0001pt;\">\u00a0<\/p><p style=\"margin-bottom: .0001pt;\">2. El cliente entiende y consciente que Caribe Drones Systems LLC (CDS) estar\u00e1 asperjando su <br \/>finca con agro-productos autorizados bajo las leyes del Departamento de Agricultura de Puerto <br \/>Rico y EPA.\u00a0<\/p><p style=\"margin-bottom: .0001pt;\">\u00a0<\/p><p>3. CDS utilizar\u00e1 la dosis establecida en las etiquetas de los agro-productos.<\/p><p style=\"margin-bottom: .0001pt;\">4. CDS y su personal har\u00e1n todo lo posible para evitar o al menos garantizar que los da\u00f1os se mantengan al m\u00ednimo, pero no puede garantizar que no ocurrir\u00e1n da\u00f1os.\u00a0<\/p><p style=\"margin-bottom: .0001pt;\">\u00a0<\/p><p style=\"margin-bottom: .0001pt;\">5. El cliente fue orientado y entiende que debido al efecto de la deriva y el viento durante el proceso de aspersi\u00f3n a\u00e9rea SE PUEDEN PRODUCIR DA\u00d1OS en propiedades, estructuras, animales, cultivos de plantas y\/o personas que se encuentren en o cercanos al \u00e1rea de aspersi\u00f3n.\u00a0<\/p><p style=\"margin-bottom: .0001pt;\">\u00a0<\/p><p style=\"margin-bottom: .0001pt;\">6. El cliente se compromete a mantener fuera del \u00e1rea de aspersi\u00f3n a personas y animales durante y despu\u00e9s del proceso de aspersi\u00f3n seg\u00fan el tiempo establecido en la etiqueta de cada agro-producto.\u00a0<\/p><p style=\"margin-bottom: .0001pt;\">\u00a0<\/p><p style=\"margin-bottom: .0001pt;\">7. Mamelucos, botas de seguridad, gafas y guantes son la indumentaria m\u00ednima requerida para las personas que se encuentren en o cercanos a los predios a asperjarse. Toda persona que se encuentre en los predios del \u00e1rea a ser asperjada debe estar en todo momento durante la aspersi\u00f3n con dicha indumentaria m\u00ednima requerida.\u00a0<\/p><p style=\"margin-bottom: .0001pt;\">\u00a0<\/p><p style=\"margin-bottom: .0001pt;\">8. El cliente se compromete a tener un representante de su empresa presente en todo\u00a0momento asistiendo a nuestro personal.\u00a0<\/p><p style=\"margin-bottom: .0001pt;\">\u00a0<\/p><p style=\"margin-bottom: .0001pt;\">9. El cliente se compromete a proveer de forma anticipada la etiqueta de los\u00a0productos que se utilizaran, esto para mantener el registro de aplicaci\u00f3n\u00a0requerido por el Departamento de Agricultura de Puerto Rico.\u00a0<\/p><p style=\"margin-bottom: .0001pt;\">\u00a0<\/p><p style=\"margin-bottom: .0001pt;\">10. El\u00a0cliente entiende que CDS no se hace responsable por ning\u00fan da\u00f1o causado por el\u00a0proceso de aspersi\u00f3n.<\/p><p style=\"margin-bottom: .0001pt;\">\u00a0<\/p>\t\t\t\t\t\t\t\t<\/div>\n\t\t\t\t<\/div>\n\t\t\t\t\t<\/div>\n\t\t<\/div>\n\t\t\t\t\t<\/div>\n\t\t<\/section>\n\t\t\t\t<\/div>\n\t\t","protected":false},"excerpt":{"rendered":"<p>Terms and Conditions Premium Drone Sprayer Service: \u00a0 The client certifies that they are the owner of the property or are authorized by the owner to carry out the spraying work. The client understands and acknowledges that Caribe Drones Systems LLC (CDS) will be spraying their property with agricultural products authorized under the laws of &hellip;<\/p>\n<p class=\"read-more\"> <a class=\"\" href=\"https:\/\/caribedronespr.com\/en\/termsandconditions\/\"> <span class=\"screen-reader-text\">Terms and Conditions<\/span> Read More &raquo;<\/a><\/p>\n","protected":false},"author":1,"featured_media":0,"parent":0,"menu_order":0,"comment_status":"closed","ping_status":"closed","template":"","meta":{"footnotes":""},"class_list":["post-1108","page","type-page","status-publish","hentry"],"jetpack_sharing_enabled":true,"_links":{"self":[{"href":"https:\/\/caribedronespr.com\/en\/wp-json\/wp\/v2\/pages\/1108","targetHints":{"allow":["GET"]}}],"collection":[{"href":"https:\/\/caribedronespr.com\/en\/wp-json\/wp\/v2\/pages"}],"about":[{"href":"https:\/\/caribedronespr.com\/en\/wp-json\/wp\/v2\/types\/page"}],"author":[{"embeddable":true,"href":"https:\/\/caribedronespr.com\/en\/wp-json\/wp\/v2\/users\/1"}],"replies":[{"embeddable":true,"href":"https:\/\/caribedronespr.com\/en\/wp-json\/wp\/v2\/comments?post=1108"}],"version-history":[{"count":17,"href":"https:\/\/caribedronespr.com\/en\/wp-json\/wp\/v2\/pages\/1108\/revisions"}],"predecessor-version":[{"id":1357,"href":"https:\/\/caribedronespr.com\/en\/wp-json\/wp\/v2\/pages\/1108\/revisions\/1357"}],"wp:attachment":[{"href":"https:\/\/caribedronespr.com\/en\/wp-json\/wp\/v2\/media?parent=1108"}],"curies":[{"name":"wp","href":"https:\/\/api.w.org\/{rel}","templated":true}]}}